{"id":4190,"date":"2022-05-21T17:23:05","date_gmt":"2022-05-21T20:23:05","guid":{"rendered":"https:\/\/drfelipealmeida.com.br\/?page_id=4190"},"modified":"2022-05-26T12:21:39","modified_gmt":"2022-05-26T15:21:39","slug":"dor-muscular","status":"publish","type":"page","link":"https:\/\/drfelipealmeida.com.br\/index.php\/dor-muscular\/","title":{"rendered":"Dor muscular"},"content":{"rendered":"<p>[vc_row][vc_column width=&#8221;1\/4&#8243;][vc_single_image image=&#8221;4191&#8243; img_size=&#8221;full&#8221;][\/vc_column][vc_column width=&#8221;3\/4&#8243;][vc_column_text]<strong>DOR MUSCULAR<\/strong><\/p>\n<h2><strong>MIOFASCIAL<\/strong><\/h2>\n<p>Quem nunca acordou com aquela dor no pesco\u00e7o por ter \u201cdormido de mau jeito\u201d? As dores musculares acontecem quando temos um esfor\u00e7o demasiado, um posicionamento inadequado (ex estiramento), e por outras diversas raz\u00f5es.<\/p>\n<p>Quando a dor se prolonga, podemos ter o que chamamos de s\u00edndrome miofascial. \u00c9 uma condi\u00e7\u00e3o que diminui a capacidade motora e reduz a amplitude dos movimentos. O ponto de gatilho \u00e9 o local do m\u00fasculo que desencadeia essa dor. Ele pode se desenvolver ap\u00f3s uma les\u00e3o de fibras musculares. Portanto, a s\u00edndrome miofascial pode ser causada por um trauma, micro-trauma, postura inadequada e estresse emocional. Os pontos mais comuns para o aparecimento da dor s\u00e3o a regi\u00e3o lombar, pesco\u00e7o, mand\u00edbula e ombros.<\/p>\n<p>A s\u00edndrome miofascial tamb\u00e9m pode acontecer associada a diversas doen\u00e7as cr\u00f4nicas como fibromialgia e doen\u00e7as reum\u00e1ticas.<\/p>\n<p>O tratamento da s\u00edndrome miofascial \u00e9 individualizado e consiste em analg\u00e9sicos simples, antiinflamat\u00f3rios, relaxantes musculares, suporte psicol\u00f3gico, fisioterapia com reeduca\u00e7\u00e3o postural e acupuntura.<\/p>\n<p>Os tratamentos intervencionistas com bloqueios anest\u00e9sicos e de pontos gatilho tamb\u00e9m s\u00e3o poss\u00edveis com indica\u00e7\u00f5es espec\u00edficas.[\/vc_column_text][\/vc_column][\/vc_row]<\/p>\n","protected":false},"excerpt":{"rendered":"<p>[vc_row][vc_column width=&#8221;1\/4&#8243;][vc_single_image image=&#8221;4191&#8243; img_size=&#8221;full&#8221;][\/vc_column][vc_column width=&#8221;3\/4&#8243;][vc_column_text]DOR MUSCULAR MIOFASCIAL Quem nunca acordou com aquela dor no pesco\u00e7o por ter \u201cdormido de mau jeito\u201d? As dores musculares acontecem quando temos um esfor\u00e7o demasiado, um posicionamento inadequado (ex estiramento), e por outras diversas raz\u00f5es. Quando a dor se prolonga, podemos ter o que chamamos de s\u00edndrome miofascial. \u00c9 uma [&hellip;]<\/p>\n","protected":false},"author":1,"featured_media":0,"parent":0,"menu_order":0,"comment_status":"closed","ping_status":"closed","template":"","meta":{"footnotes":""},"class_list":["post-4190","page","type-page","status-publish","hentry"],"_links":{"self":[{"href":"https:\/\/drfelipealmeida.com.br\/index.php\/wp-json\/wp\/v2\/pages\/4190"}],"collection":[{"href":"https:\/\/drfelipealmeida.com.br\/index.php\/wp-json\/wp\/v2\/pages"}],"about":[{"href":"https:\/\/drfelipealmeida.com.br\/index.php\/wp-json\/wp\/v2\/types\/page"}],"author":[{"embeddable":true,"href":"https:\/\/drfelipealmeida.com.br\/index.php\/wp-json\/wp\/v2\/users\/1"}],"replies":[{"embeddable":true,"href":"https:\/\/drfelipealmeida.com.br\/index.php\/wp-json\/wp\/v2\/comments?post=4190"}],"version-history":[{"count":4,"href":"https:\/\/drfelipealmeida.com.br\/index.php\/wp-json\/wp\/v2\/pages\/4190\/revisions"}],"predecessor-version":[{"id":4292,"href":"https:\/\/drfelipealmeida.com.br\/index.php\/wp-json\/wp\/v2\/pages\/4190\/revisions\/4292"}],"wp:attachment":[{"href":"https:\/\/drfelipealmeida.com.br\/index.php\/wp-json\/wp\/v2\/media?parent=4190"}],"curies":[{"name":"wp","href":"https:\/\/api.w.org\/{rel}","templated":true}]}}