{"id":4187,"date":"2022-05-21T17:15:22","date_gmt":"2022-05-21T20:15:22","guid":{"rendered":"https:\/\/drfelipealmeida.com.br\/?page_id=4187"},"modified":"2022-05-26T12:12:35","modified_gmt":"2022-05-26T15:12:35","slug":"dor-oncologica","status":"publish","type":"page","link":"https:\/\/drfelipealmeida.com.br\/index.php\/dor-oncologica\/","title":{"rendered":"Dor Oncol\u00f3gica"},"content":{"rendered":"<p>[vc_row][vc_column width=&#8221;1\/4&#8243;][vc_single_image image=&#8221;4188&#8243; img_size=&#8221;full&#8221;][\/vc_column][vc_column width=&#8221;3\/4&#8243;][vc_column_text]O m\u00e9dico da dor deve ser um dos aliados no tratamento contra o c\u00e2ncer, em busca da cura e da melhor qualidade de vida. J\u00e1 foi comprovado por diversos estudos, que o adequado controle da dor melhora as chances de cura e aumenta a sobrevida dos pacientes.<\/p>\n<p>Apesar disso, apenas 5% dos pacientes com c\u00e2ncer eram tratados por um especialista em dor. Esse n\u00famero pequeno acontece por v\u00e1rios motivos. Pela falta de encaminhamento do oncologista, pelo receio e\/ou nega\u00e7\u00e3o do paciente, entre outros.<\/p>\n<p>A dor oncol\u00f3gica est\u00e1 relacionada a diversos fatores decorrentes da doen\u00e7a em si e dos efeitos colaterais que o tratamento ocasiona (quimioterapia, radioterapia, cirurgia).<\/p>\n<p>Apesar de todo esse universo de dores no paciente com c\u00e2ncer, temos diversas ferramentas para o tratamento. A pr\u00f3pria cirurgia, ao remover o tumor, j\u00e1 pode resolver boa parte do problema, o que tamb\u00e9m pode ser alcan\u00e7ado junto da radio e\/ou da quimioterapia.<\/p>\n<p>Mas agindo na dor propriamente dita, geralmente iniciamos o tratamento atrav\u00e9s de medicamentos analg\u00e9sicos baseando-nos na escada analg\u00e9sica proposta pela OMS. Ela inclui desde analg\u00e9sicos simples, passando por anti-inflamat\u00f3rios, at\u00e9 antidepressivos, anticonvulsivantes e opioides, entre os quais est\u00e1 a morfina (que pode ser usada tanto por via oral, quanto intravenosa e at\u00e9 mesmo por adesivos aplicados na pele), metadona e o fentanil, que tamb\u00e9m pode ser usado na vers\u00e3o de adesivo.<\/p>\n<p>Para aqueles pacientes que n\u00e3o melhoram, ou que apresentam efeitos colaterais indesej\u00e1veis e incontrol\u00e1veis, ou mesmo a depender da intensidade e tipo da dor, podemos lan\u00e7ar m\u00e3o do\u00a0tratamento intervencionista da dor.<\/p>\n<p>Para cada tipo e local do c\u00e2ncer existem t\u00e9cnicas de bloqueios\u00a0anest\u00e9sicos e\u00a0radiofrequ\u00eancia\u00a0de determinados nervos e estruturas do sistema nervoso espec\u00edficos. Existem tamb\u00e9m o implante de um dispositivo que fica debaixo da pele do paciente e libera doses m\u00ednimas e controladas de morfina, que pode ainda ser combinada com outras medica\u00e7\u00f5es.<\/p>\n<p>\u00c9 sempre importante lembrar que o tratamento adequado da dor passa pelo acompanhamento multidisciplinar: m\u00e9dicos oncologistas, cirurgi\u00f5es, cl\u00ednicos, especialistas em dor, psic\u00f3logos, fisioterapeutas, terapeutas ocupacionais, religiosos.<\/p>\n<p>N\u00e3o \u201cguarde\u201d sua dor! Fale com seu m\u00e9dico![\/vc_column_text][\/vc_column][\/vc_row]<\/p>\n","protected":false},"excerpt":{"rendered":"<p>[vc_row][vc_column width=&#8221;1\/4&#8243;][vc_single_image image=&#8221;4188&#8243; img_size=&#8221;full&#8221;][\/vc_column][vc_column width=&#8221;3\/4&#8243;][vc_column_text]O m\u00e9dico da dor deve ser um dos aliados no tratamento contra o c\u00e2ncer, em busca da cura e da melhor qualidade de vida. J\u00e1 foi comprovado por diversos estudos, que o adequado controle da dor melhora as chances de cura e aumenta a sobrevida dos pacientes. Apesar disso, apenas 5% [&hellip;]<\/p>\n","protected":false},"author":1,"featured_media":0,"parent":0,"menu_order":0,"comment_status":"closed","ping_status":"closed","template":"","meta":{"footnotes":""},"class_list":["post-4187","page","type-page","status-publish","hentry"],"_links":{"self":[{"href":"https:\/\/drfelipealmeida.com.br\/index.php\/wp-json\/wp\/v2\/pages\/4187"}],"collection":[{"href":"https:\/\/drfelipealmeida.com.br\/index.php\/wp-json\/wp\/v2\/pages"}],"about":[{"href":"https:\/\/drfelipealmeida.com.br\/index.php\/wp-json\/wp\/v2\/types\/page"}],"author":[{"embeddable":true,"href":"https:\/\/drfelipealmeida.com.br\/index.php\/wp-json\/wp\/v2\/users\/1"}],"replies":[{"embeddable":true,"href":"https:\/\/drfelipealmeida.com.br\/index.php\/wp-json\/wp\/v2\/comments?post=4187"}],"version-history":[{"count":3,"href":"https:\/\/drfelipealmeida.com.br\/index.php\/wp-json\/wp\/v2\/pages\/4187\/revisions"}],"predecessor-version":[{"id":4291,"href":"https:\/\/drfelipealmeida.com.br\/index.php\/wp-json\/wp\/v2\/pages\/4187\/revisions\/4291"}],"wp:attachment":[{"href":"https:\/\/drfelipealmeida.com.br\/index.php\/wp-json\/wp\/v2\/media?parent=4187"}],"curies":[{"name":"wp","href":"https:\/\/api.w.org\/{rel}","templated":true}]}}