{"id":3724,"date":"2016-09-07T11:59:59","date_gmt":"2016-09-07T11:59:59","guid":{"rendered":"http:\/\/apicona-advanced-data.thememount.com\/?page_id=3724"},"modified":"2022-05-21T17:05:08","modified_gmt":"2022-05-21T20:05:08","slug":"dor-coluna","status":"publish","type":"page","link":"https:\/\/drfelipealmeida.com.br\/index.php\/dor-coluna\/","title":{"rendered":"Dor na Coluna"},"content":{"rendered":"<p>[vc_row][vc_column width=&#8221;1\/4&#8243;][vc_single_image image=&#8221;4176&#8243; img_size=&#8221;full&#8221;][\/vc_column][vc_column width=&#8221;3\/4&#8243;][vc_column_text]<\/p>\n<div class=\"elementor-element elementor-element-52ca8ff5 elementor-widget elementor-widget-heading\" data-id=\"52ca8ff5\" data-element_type=\"widget\" data-widget_type=\"heading.default\">\n<div class=\"elementor-widget-container\">\n<p>Atualmente, as dores na coluna s\u00e3o uma das principais causas de procura aos consult\u00f3rios m\u00e9dicos e uma importante causa de preju\u00edzo (social e econ\u00f4mico), j\u00e1 que afeta em elevado grau de incid\u00eancia a popula\u00e7\u00e3o na faixa et\u00e1ria mais produtiva.<span id=\"more-9\"><\/span>\u00a0Isso sem falar no presente\u00edsmo, que \u00e9 quando o paciente vai ao trabalho, mas n\u00e3o consegue trabalhar adequadamente pela dor, gerando preju\u00edzos de cerca de US$ 2 bilh\u00f5es nos Estados Unidos, por exemplo.<\/p>\n<p>Essas dores podem estar localizadas na regi\u00e3o do pesco\u00e7o, dorsal e\/ou lombar ou irradiarem para cabe\u00e7a, membros superiores e inferiores. Quando tem dura\u00e7\u00e3o maior de 3 meses, costumamos definir essa dor como sendo cr\u00f4nica.<\/p>\n<p>Vivemos uma era de epidemia de dores na coluna, principalmente nas regi\u00f5es cervical e lombar, ambas relacionadas ao estilo de vida do homem moderno (sedentarismo, obesidade, dietas ricas em gorduras e carboidratos e pobres em nutrientes, tabagismo, estresse cr\u00f4nico, que aumenta o n\u00edvel de subst\u00e2ncias inflamat\u00f3rias no sangue, posturas incorretas que sobrecarregam a coluna como uso de celulares, tablets, computadores, deitar-se e sentar-se de forma incorreta, dentre outros). A postura de flex\u00e3o cervical, por exemplo, que \u00e9 dobrar o pesco\u00e7o para frente, aumenta a carga em cerca de 26 Kg na coluna cervical!<\/p>\n<p>Importante nos casos de dor na coluna \u00e9 excluir os \u201cred flags\u201d, ou bandeiras vermelhas, que s\u00e3o sinais de que alguma coisa mais grave pode estar ocorrendo. Assim, dor ap\u00f3s algum traumatismo, dor com febre, dor com hist\u00f3ria pr\u00e9via de c\u00e2ncer, dor com fraqueza de algum membro ou perda do controle das fezes e urina, s\u00e3o alguns exemplos e precisam ser imediatamente avaliados por um m\u00e9dico especialista no assunto.<\/p>\n<p>Al\u00e9m disso, muitas vezes temos d\u00favidas quanto \u00e0 verdadeira causa daquela dor. E aqui vem um dado interessante: nem sempre \u00e9 aquela h\u00e9rnia que aparece na sua resson\u00e2ncia magn\u00e9tica! Por isso a import\u00e2ncia de procedimentos como os bloqueios diagn\u00f3sticos, em que injetamos pequena quantidade de anest\u00e9sico local na estrutura que provavelmente est\u00e1 causando a dor. Se melhorar, podemos dizer que a dor vinha daquela estrutura e a\u00ed partimos para a reabilita\u00e7\u00e3o direcionada daquela regi\u00e3o, ou ainda a complementa\u00e7\u00e3o do tratamento com algum outro procedimento intervencionista.<\/p>\n<p>Por isso, sempre que poss\u00edvel, tentamos descobrir a(s) causa(s) da dor para que, no curto e longo prazo, tenhamos o direcionamento mais espec\u00edfico do tratamento (com exerc\u00edcios, algumas vezes com psicoterapias e determinados procedimentos intervencionistas minimamente invasivos). Lembrando que esses procedimentos s\u00e3o realizados atrav\u00e9s de agulha, com anestesia local, seda\u00e7\u00e3o e SEMPRE guiados por algum m\u00e9todo de imagem: ultrassonografia ou raio-x.<\/p>\n<p>Assim, reservamos o tratamento cir\u00fargico como \u00faltimo recurso, salvo nos casos em que a dor se apresenta com aqueles sinais de alerta do qual falamos. Na d\u00favida, consulte sempre um m\u00e9dico especialista no assunto e com certifica\u00e7\u00e3o!<\/p>\n<\/div>\n<\/div>\n<p>[\/vc_column_text][\/vc_column][\/vc_row]<\/p>\n","protected":false},"excerpt":{"rendered":"<p>[vc_row][vc_column width=&#8221;1\/4&#8243;][vc_single_image image=&#8221;4176&#8243; img_size=&#8221;full&#8221;][\/vc_column][vc_column width=&#8221;3\/4&#8243;][vc_column_text] Atualmente, as dores na coluna s\u00e3o uma das principais causas de procura aos consult\u00f3rios m\u00e9dicos e uma importante causa de preju\u00edzo (social e econ\u00f4mico), j\u00e1 que afeta em elevado grau de incid\u00eancia a popula\u00e7\u00e3o na faixa et\u00e1ria mais produtiva.\u00a0Isso sem falar no presente\u00edsmo, que \u00e9 quando o paciente vai ao [&hellip;]<\/p>\n","protected":false},"author":1,"featured_media":0,"parent":0,"menu_order":26,"comment_status":"closed","ping_status":"closed","template":"","meta":{"footnotes":""},"class_list":["post-3724","page","type-page","status-publish","hentry"],"_links":{"self":[{"href":"https:\/\/drfelipealmeida.com.br\/index.php\/wp-json\/wp\/v2\/pages\/3724"}],"collection":[{"href":"https:\/\/drfelipealmeida.com.br\/index.php\/wp-json\/wp\/v2\/pages"}],"about":[{"href":"https:\/\/drfelipealmeida.com.br\/index.php\/wp-json\/wp\/v2\/types\/page"}],"author":[{"embeddable":true,"href":"https:\/\/drfelipealmeida.com.br\/index.php\/wp-json\/wp\/v2\/users\/1"}],"replies":[{"embeddable":true,"href":"https:\/\/drfelipealmeida.com.br\/index.php\/wp-json\/wp\/v2\/comments?post=3724"}],"version-history":[{"count":8,"href":"https:\/\/drfelipealmeida.com.br\/index.php\/wp-json\/wp\/v2\/pages\/3724\/revisions"}],"predecessor-version":[{"id":4183,"href":"https:\/\/drfelipealmeida.com.br\/index.php\/wp-json\/wp\/v2\/pages\/3724\/revisions\/4183"}],"wp:attachment":[{"href":"https:\/\/drfelipealmeida.com.br\/index.php\/wp-json\/wp\/v2\/media?parent=3724"}],"curies":[{"name":"wp","href":"https:\/\/api.w.org\/{rel}","templated":true}]}}