{"id":3722,"date":"2016-09-07T11:56:03","date_gmt":"2016-09-07T11:56:03","guid":{"rendered":"http:\/\/apicona-advanced-data.thememount.com\/?page_id=3722"},"modified":"2022-05-26T12:26:05","modified_gmt":"2022-05-26T15:26:05","slug":"dor-cabeca","status":"publish","type":"page","link":"https:\/\/drfelipealmeida.com.br\/index.php\/dor-cabeca\/","title":{"rendered":"Dor de cabe\u00e7a"},"content":{"rendered":"<p>[vc_row css=&#8221;.vc_custom_1456997851732{padding-top: 70px !important;padding-bottom: 0px !important;}&#8221;][vc_column width=&#8221;1\/4&#8243;][vc_single_image image=&#8221;4185&#8243; img_size=&#8221;full&#8221;][\/vc_column][vc_column width=&#8221;3\/4&#8243;][vc_column_text]O termo cefaleia se refere \u00e0 boa e velha dor de cabe\u00e7a. Na verdade, existem mais de 150 tipos de cefaleias. Mas vamos falar aqui das mais frequentes e importantes.<\/p>\n<p>As dores de cabe\u00e7a s\u00e3o parte do dia a dia de muita gente. At\u00e9 50% das pessoas tem dor de cabe\u00e7a em algum momento, em um per\u00edodo de um ano. A enxaqueca, quadro cr\u00f4nico, atinge de 13 a 18% da popula\u00e7\u00e3o mundial.<\/p>\n<p>Muita gente se acostuma a viver com essa dor. Precisamos saber que viver com dor n\u00e3o \u00e9 normal! A enxaqueca, por exemplo, \u00e9 uma doen\u00e7a muitas vezes incapacitante e, ainda assim, \u00e9 banalizada por muita gente.<\/p>\n<p>As dores de cabe\u00e7a, na grande maioria das vezes, s\u00e3o controladas com analg\u00e9sicos simples. O paciente deve sempre procurar assist\u00eancia m\u00e9dica imediata em casos de dores de cabe\u00e7a s\u00fabitas, muito intensas e diferentes do padr\u00e3o que a pessoa normalmente sente.<\/p>\n<p>&nbsp;<\/p>\n<h3><strong>Tratamentos<\/strong><\/h3>\n<p>O tratamento das cefaleias se baseia inicialmente em medica\u00e7\u00f5es analg\u00e9sicas, podendo ser de uso espor\u00e1dico (somente quando tem dor) ou ainda profil\u00e1tico ou preventivo, que \u00e9 o uso di\u00e1rio de determinados medicamentos para que se evitem as crises.<\/p>\n<p>Nos quadros cr\u00f4nicos (enxaquecas, cefaleias tensionais, entre outras) existem terapias espec\u00edficas para se evitar a recorr\u00eancia das crises, e para abolir as crises, caso elas aconte\u00e7am.<\/p>\n<p>Atualmente, existem diversas classes de medicamentos para tratar dores de cabe\u00e7a, que devem ser individualizadas para cada paciente.<\/p>\n<p>Existem tamb\u00e9m diversos procedimentos como bloqueio do nervo occipital, bloqueio do g\u00e2nglio esfenopalatino, infiltra\u00e7\u00e3o com toxina botul\u00ednica, entre outros.<\/p>\n<p>Sempre procure o m\u00e9dico para ter o tratamento adequado![\/vc_column_text][\/vc_column][\/vc_row]<\/p>\n","protected":false},"excerpt":{"rendered":"<p>[vc_row css=&#8221;.vc_custom_1456997851732{padding-top: 70px !important;padding-bottom: 0px !important;}&#8221;][vc_column width=&#8221;1\/4&#8243;][vc_single_image image=&#8221;4185&#8243; img_size=&#8221;full&#8221;][\/vc_column][vc_column width=&#8221;3\/4&#8243;][vc_column_text]O termo cefaleia se refere \u00e0 boa e velha dor de cabe\u00e7a. Na verdade, existem mais de 150 tipos de cefaleias. Mas vamos falar aqui das mais frequentes e importantes. As dores de cabe\u00e7a s\u00e3o parte do dia a dia de muita gente. At\u00e9 50% das [&hellip;]<\/p>\n","protected":false},"author":1,"featured_media":0,"parent":0,"menu_order":25,"comment_status":"closed","ping_status":"closed","template":"","meta":{"footnotes":""},"class_list":["post-3722","page","type-page","status-publish","hentry"],"_links":{"self":[{"href":"https:\/\/drfelipealmeida.com.br\/index.php\/wp-json\/wp\/v2\/pages\/3722"}],"collection":[{"href":"https:\/\/drfelipealmeida.com.br\/index.php\/wp-json\/wp\/v2\/pages"}],"about":[{"href":"https:\/\/drfelipealmeida.com.br\/index.php\/wp-json\/wp\/v2\/types\/page"}],"author":[{"embeddable":true,"href":"https:\/\/drfelipealmeida.com.br\/index.php\/wp-json\/wp\/v2\/users\/1"}],"replies":[{"embeddable":true,"href":"https:\/\/drfelipealmeida.com.br\/index.php\/wp-json\/wp\/v2\/comments?post=3722"}],"version-history":[{"count":5,"href":"https:\/\/drfelipealmeida.com.br\/index.php\/wp-json\/wp\/v2\/pages\/3722\/revisions"}],"predecessor-version":[{"id":4295,"href":"https:\/\/drfelipealmeida.com.br\/index.php\/wp-json\/wp\/v2\/pages\/3722\/revisions\/4295"}],"wp:attachment":[{"href":"https:\/\/drfelipealmeida.com.br\/index.php\/wp-json\/wp\/v2\/media?parent=3722"}],"curies":[{"name":"wp","href":"https:\/\/api.w.org\/{rel}","templated":true}]}}