{"id":3656,"date":"2016-09-07T10:52:35","date_gmt":"2016-09-07T10:52:35","guid":{"rendered":"http:\/\/apicona-advanced-data.thememount.com\/?page_id=3656"},"modified":"2022-05-21T16:47:24","modified_gmt":"2022-05-21T19:47:24","slug":"contato","status":"publish","type":"page","link":"https:\/\/drfelipealmeida.com.br\/index.php\/contato\/","title":{"rendered":"Contato"},"content":{"rendered":"<p>[vc_row full_width=&#8221;stretch_row_content&#8221;][vc_column width=&#8221;2\/3&#8243;]<div class=\"tm-element-heading-wrapper tm-heading-inner tm-element-align-center tm-heading-with-separator \">[vc_cta text=\"FORMUL\u00c1RIO DE CONTATO\"  h2_google_fonts=\"font_family:Arimo%3Aregular%2Citalic%2C700%2C700italic|font_style:700%20bold%20regular%3A700%3Anormal\"  subtext=\"Aguardo a sua mensagem\"  h4_google_fonts=\"font_family:Lato%3A100%2C100italic%2C300%2C300italic%2Cregular%2Citalic%2C700%2C700italic%2C900%2C900italic|font_style:300%20light%20regular%3A300%3Anormal\"  align=\"center\"  heading_sep=\"yes\"  tag=\"h2\"  h2=\"FORMUL\u00c1RIO DE CONTATO\"  h4=\"Aguardo a sua mensagem\"  txt_align=\"center\"  i_css_animation=\"\" css_animation=\"\"][\/vc_cta]<div class=\"heading-seperator\"><\/div><\/div> <!-- .tm-element-heading-wrapper container --> [vc_row_inner][vc_column_inner width=&#8221;1\/4&#8243;][\/vc_column_inner][vc_column_inner width=&#8221;1\/2&#8243;]<div role=\"form\" class=\"wpcf7\" id=\"wpcf7-f4038-o1\" lang=\"pt-BR\" dir=\"ltr\">\n<div class=\"screen-reader-response\"><p role=\"status\" aria-live=\"polite\" aria-atomic=\"true\"><\/p> <ul><\/ul><\/div>\n<form action=\"\/index.php\/wp-json\/wp\/v2\/pages\/3656#wpcf7-f4038-o1\" method=\"post\" class=\"wpcf7-form init\" novalidate=\"novalidate\" data-status=\"init\">\n<div style=\"display: none;\">\n<input type=\"hidden\" name=\"_wpcf7\" value=\"4038\" \/>\n<input type=\"hidden\" name=\"_wpcf7_version\" value=\"5.5.6.1\" \/>\n<input type=\"hidden\" name=\"_wpcf7_locale\" value=\"pt_BR\" \/>\n<input type=\"hidden\" name=\"_wpcf7_unit_tag\" value=\"wpcf7-f4038-o1\" \/>\n<input type=\"hidden\" name=\"_wpcf7_container_post\" value=\"0\" \/>\n<input type=\"hidden\" name=\"_wpcf7_posted_data_hash\" value=\"\" \/>\n<\/div>\n<div class=\"contact-form-2\">\n<h3>D\u00favidas e informa\u00e7\u00f5es<\/h3>\n<div class=\"cf2-content-area\">\n<div class=\"row\">\n<div class=\"col-lg-6 col-md-6 col-sm-6\">\n<div class=\"form-group\"><span class=\"wpcf7-form-control-wrap user-name\"><input type=\"text\" name=\"user-name\" value=\"\" size=\"40\" class=\"wpcf7-form-control wpcf7-text wpcf7-validates-as-required form-control\" aria-required=\"true\" aria-invalid=\"false\" placeholder=\"Nome *\" \/><\/span><\/div>\n<\/div>\n<div class=\"col-lg-6 col-md-6 col-sm-6\">\n<div class=\"form-group\"><span class=\"wpcf7-form-control-wrap user-email\"><input type=\"email\" name=\"user-email\" value=\"\" size=\"40\" class=\"wpcf7-form-control wpcf7-text wpcf7-email wpcf7-validates-as-required wpcf7-validates-as-email form-control\" aria-required=\"true\" aria-invalid=\"false\" placeholder=\"E-mail *\" \/><\/span><\/div>\n<\/div>\n<div class=\"col-lg-6 col-md-6 col-sm-6\">\n<div class=\"form-group\"><span class=\"wpcf7-form-control-wrap user-subject\"><input type=\"text\" name=\"user-subject\" value=\"\" size=\"40\" class=\"wpcf7-form-control wpcf7-text wpcf7-validates-as-required form-control\" aria-required=\"true\" aria-invalid=\"false\" placeholder=\"Assunto *\" \/><\/span><\/div>\n<\/div>\n<div class=\"col-lg-6 col-md-6 col-sm-6\">\n<div class=\"form-group\"><span class=\"wpcf7-form-control-wrap user-phone\"><input type=\"tel\" name=\"user-phone\" value=\"\" size=\"40\" class=\"wpcf7-form-control wpcf7-text wpcf7-tel wpcf7-validates-as-tel form-control\" aria-invalid=\"false\" placeholder=\"Telefone\" \/><\/span><\/div>\n<\/div>\n<div class=\"col-lg-12 col-md-12 col-sm-12\">\n<div class=\"form-group\"><span class=\"wpcf7-form-control-wrap user-message\"><textarea name=\"user-message\" cols=\"20\" rows=\"5\" class=\"wpcf7-form-control wpcf7-textarea wpcf7-validates-as-required textarea form-control\" aria-required=\"true\" aria-invalid=\"false\" placeholder=\"Mensagem *\"><\/textarea><\/span><\/div>\n<\/div>\n<div class=\"col-lg-12 col-md-12 col-sm-12\"><input type=\"submit\" value=\"ENVIAR MENSAGEM\" class=\"wpcf7-form-control has-spinner wpcf7-submit\" \/><\/div>\n<\/div>\n<div class=\"wpcf7-response-output\" aria-hidden=\"true\"><\/div>\n<\/div>\n<\/div>\n<\/form><\/div>[\/vc_column_inner][vc_column_inner width=&#8221;1\/4&#8243;][\/vc_column_inner][\/vc_row_inner][\/vc_column][vc_column width=&#8221;1\/3&#8243;]<div class=\"tm-element-heading-wrapper tm-heading-inner tm-element-align-center tm-heading-with-separator \">[vc_cta text=\"NOSSOS CONTATOS\"  h2_google_fonts=\"font_family:Arimo%3Aregular%2Citalic%2C700%2C700italic|font_style:700%20bold%20regular%3A700%3Anormal\"  h4_google_fonts=\"font_family:Lato%3A100%2C100italic%2C300%2C300italic%2Cregular%2Citalic%2C700%2C700italic%2C900%2C900italic|font_style:300%20light%20regular%3A300%3Anormal\"  align=\"center\"  heading_sep=\"yes\"  tag=\"h2\"  h2=\"NOSSOS CONTATOS\"  txt_align=\"center\"  i_css_animation=\"\" css_animation=\"\"][\/vc_cta]<div class=\"heading-seperator\"><\/div><\/div> <!-- .tm-element-heading-wrapper container --> [vc_row_inner][vc_column_inner width=&#8221;1\/2&#8243;]<div class=\"tm-sbox tm-sbox-iconalign-top none     \">[vc_cta h2=\"TELEFONE\"  h2_google_fonts=\"font_family:Arimo%3Aregular%2Citalic%2C700%2C700italic|font_style:700%20bold%20regular%3A700%3Anormal\"  h4_google_fonts=\"font_family:Lato%3A100%2C100italic%2C300%2C300italic%2Cregular%2Citalic%2C700%2C700italic%2C900%2C900italic|font_style:300%20light%20regular%3A300%3Anormal\"  txt_align=\"center\"  heading_sep=\"no\"  shape=\"none\"  style=\"transparent\"  color=\"grey\"  btn_title=\"LEIA MAIS\"  btn_style=\"text\"  btn_gradient_color_1=\"turquoise\"  btn_gradient_color_2=\"blue\"  btn_custom_background=\"#ededed\"  btn_custom_text=\"#666\"  btn_outline_custom_color=\"#666\"  btn_outline_custom_hover_background=\"#666\"  btn_outline_custom_hover_text=\"#fff\"  btn_color=\"skincolor\"  btn_size=\"md\"  add_icon=\"top\"  hover=\"none\"  icon_type=\"icon\"  i_type=\"fontawesome\"  i_icon_fontawesome=\"fas fa-phone-alt\"  i_icon_openiconic=\"vc-oi vc-oi-dial\"  i_icon_typicons=\"typcn typcn-adjust-brightness\"  i_icon_entypo=\"entypo-icon entypo-icon-note\"  i_icon_linecons=\"vc_li vc_li-heart\"  i_color=\"white\"  i_background_style=\"rounded\"  i_background_color=\"skincolor\"  i_size=\"lg\"  btn_align=\"center\"  i_css_animation=\"\" css_animation=\"\"](75) 3024-2001[\/vc_cta]<\/div>[\/vc_column_inner][vc_column_inner width=&#8221;1\/2&#8243;]<div class=\"tm-sbox tm-sbox-iconalign-top none     \">[vc_cta h2=\"WHATSAPP\"  h2_google_fonts=\"font_family:Arimo%3Aregular%2Citalic%2C700%2C700italic|font_style:700%20bold%20regular%3A700%3Anormal\"  h4_google_fonts=\"font_family:Lato%3A100%2C100italic%2C300%2C300italic%2Cregular%2Citalic%2C700%2C700italic%2C900%2C900italic|font_style:300%20light%20regular%3A300%3Anormal\"  txt_align=\"center\"  heading_sep=\"no\"  shape=\"none\"  style=\"transparent\"  color=\"grey\"  btn_title=\"LEIA MAIS\"  btn_style=\"text\"  btn_gradient_color_1=\"turquoise\"  btn_gradient_color_2=\"blue\"  btn_custom_background=\"#ededed\"  btn_custom_text=\"#666\"  btn_outline_custom_color=\"#666\"  btn_outline_custom_hover_background=\"#666\"  btn_outline_custom_hover_text=\"#fff\"  btn_color=\"skincolor\"  btn_size=\"md\"  add_icon=\"top\"  hover=\"none\"  icon_type=\"icon\"  i_type=\"fontawesome\"  i_icon_fontawesome=\"fab fa-whatsapp\"  i_icon_openiconic=\"vc-oi vc-oi-dial\"  i_icon_typicons=\"typcn typcn-adjust-brightness\"  i_icon_entypo=\"entypo-icon entypo-icon-note\"  i_icon_linecons=\"vc_li vc_li-heart\"  i_color=\"white\"  i_background_style=\"rounded\"  i_background_color=\"skincolor\"  i_size=\"lg\"  btn_align=\"center\"  i_css_animation=\"\" css_animation=\"\"](75) 98218-1158[\/vc_cta]<\/div>[\/vc_column_inner][\/vc_row_inner][\/vc_column][\/vc_row]<\/p>\n","protected":false},"excerpt":{"rendered":"<p>[vc_row full_width=&#8221;stretch_row_content&#8221;][vc_column width=&#8221;2\/3&#8243;][vc_row_inner][vc_column_inner width=&#8221;1\/4&#8243;][\/vc_column_inner][vc_column_inner width=&#8221;1\/2&#8243;][\/vc_column_inner][vc_column_inner width=&#8221;1\/4&#8243;][\/vc_column_inner][\/vc_row_inner][\/vc_column][vc_column width=&#8221;1\/3&#8243;][vc_row_inner][vc_column_inner width=&#8221;1\/2&#8243;][\/vc_column_inner][vc_column_inner width=&#8221;1\/2&#8243;][\/vc_column_inner][\/vc_row_inner][\/vc_column][\/vc_row]<\/p>\n","protected":false},"author":1,"featured_media":0,"parent":0,"menu_order":17,"comment_status":"closed","ping_status":"closed","template":"","meta":{"footnotes":""},"class_list":["post-3656","page","type-page","status-publish","hentry"],"_links":{"self":[{"href":"https:\/\/drfelipealmeida.com.br\/index.php\/wp-json\/wp\/v2\/pages\/3656"}],"collection":[{"href":"https:\/\/drfelipealmeida.com.br\/index.php\/wp-json\/wp\/v2\/pages"}],"about":[{"href":"https:\/\/drfelipealmeida.com.br\/index.php\/wp-json\/wp\/v2\/types\/page"}],"author":[{"embeddable":true,"href":"https:\/\/drfelipealmeida.com.br\/index.php\/wp-json\/wp\/v2\/users\/1"}],"replies":[{"embeddable":true,"href":"https:\/\/drfelipealmeida.com.br\/index.php\/wp-json\/wp\/v2\/comments?post=3656"}],"version-history":[{"count":8,"href":"https:\/\/drfelipealmeida.com.br\/index.php\/wp-json\/wp\/v2\/pages\/3656\/revisions"}],"predecessor-version":[{"id":4174,"href":"https:\/\/drfelipealmeida.com.br\/index.php\/wp-json\/wp\/v2\/pages\/3656\/revisions\/4174"}],"wp:attachment":[{"href":"https:\/\/drfelipealmeida.com.br\/index.php\/wp-json\/wp\/v2\/media?parent=3656"}],"curies":[{"name":"wp","href":"https:\/\/api.w.org\/{rel}","templated":true}]}}