{"id":3600,"date":"2016-09-07T10:19:05","date_gmt":"2016-09-07T10:19:05","guid":{"rendered":"http:\/\/apicona-advanced-data.thememount.com\/?page_id=3600"},"modified":"2022-05-21T17:58:59","modified_gmt":"2022-05-21T20:58:59","slug":"dr-felipe-almeida","status":"publish","type":"page","link":"https:\/\/drfelipealmeida.com.br\/index.php\/dr-felipe-almeida\/","title":{"rendered":"Medicina da dor"},"content":{"rendered":"<p>[vc_row full_width=&#8221;stretch_row&#8221; bgtype=&#8221;grey&#8221; css=&#8221;.vc_custom_1467018325468{padding-top: 100px !important;padding-bottom: 80px !important;}&#8221;][vc_column]<div class=\"tm-element-heading-wrapper tm-heading-inner tm-element-align-center tm-heading-with-separator \">[vc_cta text=\"QUEM SOU\"  h2_google_fonts=\"font_family:Arimo%3Aregular%2Citalic%2C700%2C700italic|font_style:700%20bold%20regular%3A700%3Anormal\"  subtext=\"Conhe\u00e7a um pouco mais sobre mim\"  h4_google_fonts=\"font_family:Lato%3A100%2C100italic%2C300%2C300italic%2Cregular%2Citalic%2C700%2C700italic%2C900%2C900italic|font_style:300%20light%20regular%3A300%3Anormal\"  align=\"center\"  heading_sep=\"yes\"  tag=\"h2\"  h2=\"QUEM SOU\"  h4=\"Conhe\u00e7a um pouco mais sobre mim\"  txt_align=\"center\"  i_css_animation=\"\" css_animation=\"\"][\/vc_cta]<div class=\"heading-seperator\"><\/div><\/div> <!-- .tm-element-heading-wrapper container --> [vc_row_inner][vc_column_inner width=&#8221;1\/2&#8243;][vc_single_image image=&#8221;4161&#8243; img_size=&#8221;full&#8221;][\/vc_column_inner][vc_column_inner width=&#8221;1\/2&#8243;][vc_column_text]<\/p>\n<h3>Forma\u00e7\u00e3o acad\u00eamica\/titula\u00e7\u00e3o<\/h3>\n<p><strong>2022<\/strong><\/p>\n<p>T\u00edtulo de especialista em Dor \u2013 \u00c1rea de atua\u00e7\u00e3o em Dor.<\/p>\n<p>Associa\u00e7\u00e3o M\u00e9dica Brasileira (AMB).<\/p>\n<p><strong>\u00a0<\/strong><\/p>\n<p><strong>2020-2021<\/strong><\/p>\n<p>P\u00f3s gradua\u00e7\u00e3o em Tratamento Intervencionista da Dor.<\/p>\n<p>Hospital Israelita Albert Einstein.<\/p>\n<p><strong>\u00a0<\/strong><\/p>\n<p><strong>2018<\/strong><\/p>\n<p>T\u00edtulo de Especialista em Anestesiologia (TEA-SBA).<\/p>\n<p>Sociedade Brasileira de Anestesiogia.<\/p>\n<p><strong>\u00a0<\/strong><\/p>\n<p><strong>2015 &#8211; 2018<\/strong><\/p>\n<p>Especializa\u00e7\u00e3o &#8211; Resid\u00eancia m\u00e9dica em Anestesiologia<br \/>\nFunda\u00e7\u00e3o Faculdade Regional de Medicina de S\u00e3o Jos\u00e9 do Rio Preto. Resid\u00eancia m\u00e9dica em: Anestesiologia<br \/>\nN\u00famero do registro: .<br \/>\nBolsista do(a): Coordena\u00e7\u00e3o de Aperfei\u00e7oamento de Pessoal de N\u00edvel Superior.<br \/>\nGrande \u00e1rea: Ci\u00eancias da Sa\u00fade \/ \u00c1rea: Medicina \/ Sub\u00e1rea: Cirurgia \/ Especialidade: Anestesiologia.<\/p>\n<p><strong>\u00a0<\/strong><\/p>\n<p><strong>2008 &#8211; 2014<\/strong><\/p>\n<p>Gradua\u00e7\u00e3o em Medicina.<br \/>\nUniversidade Federal da Bahia, UFBA, Brasil.[\/vc_column_text][\/vc_column_inner][\/vc_row_inner][vc_row_inner][vc_column_inner width=&#8221;1\/2&#8243;][vc_column_text]<\/p>\n<h3>Forma\u00e7\u00e3o Complementar<\/h3>\n<p><strong>2014 &#8211; 2014<\/strong><\/p>\n<p>Suporte Avan\u00e7ado de Vida Cardiovascular &#8211; ACLS. (Carga hor\u00e1ria: 16h).<br \/>\nInstituto de Ensino em Simula\u00e7\u00e3o em Sa\u00fade.<\/p>\n<p><strong>\u00a0<\/strong><\/p>\n<p><strong>2012 &#8211; 2013<\/strong><\/p>\n<p>I curso de imers\u00e3o em terapia intensiva.<\/p>\n<p>Est\u00e1gio na Unidade de Cuidados Intensivos do Hospital da Cidade, supervisionado pelo Dr. Sydney Agareno, coordenador da unidade. Carga hor\u00e1ria semanal: 12h.<\/p>\n<p><strong>\u00a0<\/strong><\/p>\n<p><strong>2011 &#8211; 2013<\/strong><\/p>\n<p>Extens\u00e3o universit\u00e1ria em Liga Acad\u00eamica de Medicina Intensiva da Bahia.<br \/>\nUniversidade Federal da Bahia, UFBA, Brasil.<\/p>\n<p><strong>\u00a0<\/strong><\/p>\n<p><strong>2011 &#8211; 2011<\/strong><\/p>\n<p>X Curso de Neuroanatomia Aplicada. (Carga hor\u00e1ria: 31h).<br \/>\nUniversidade Federal da Bahia, UFBA, Brasil.<\/p>\n<p><strong>\u00a0<\/strong><\/p>\n<p><strong>2010 &#8211; 2011<\/strong><\/p>\n<p>Monitoria das disciplinas: Histologia II, III e IV. (Carga hor\u00e1ria: 408h).<br \/>\nUniversidade Federal da Bahia, UFBA, Brasil.[\/vc_column_text][\/vc_column_inner][vc_column_inner width=&#8221;1\/2&#8243;][vc_single_image image=&#8221;4164&#8243; img_size=&#8221;full&#8221;][\/vc_column_inner][\/vc_row_inner][\/vc_column][\/vc_row]<\/p>\n","protected":false},"excerpt":{"rendered":"<p>[vc_row full_width=&#8221;stretch_row&#8221; bgtype=&#8221;grey&#8221; css=&#8221;.vc_custom_1467018325468{padding-top: 100px !important;padding-bottom: 80px !important;}&#8221;][vc_column][vc_row_inner][vc_column_inner width=&#8221;1\/2&#8243;][vc_single_image image=&#8221;4161&#8243; img_size=&#8221;full&#8221;][\/vc_column_inner][vc_column_inner width=&#8221;1\/2&#8243;][vc_column_text] Forma\u00e7\u00e3o acad\u00eamica\/titula\u00e7\u00e3o 2022 T\u00edtulo de especialista em Dor \u2013 \u00c1rea de atua\u00e7\u00e3o em Dor. Associa\u00e7\u00e3o M\u00e9dica Brasileira (AMB). \u00a0 2020-2021 P\u00f3s gradua\u00e7\u00e3o em Tratamento Intervencionista da Dor. Hospital Israelita Albert Einstein. \u00a0 2018 T\u00edtulo de Especialista em Anestesiologia (TEA-SBA). Sociedade Brasileira de Anestesiogia. [&hellip;]<\/p>\n","protected":false},"author":1,"featured_media":0,"parent":0,"menu_order":13,"comment_status":"closed","ping_status":"closed","template":"","meta":{"footnotes":""},"class_list":["post-3600","page","type-page","status-publish","hentry"],"_links":{"self":[{"href":"https:\/\/drfelipealmeida.com.br\/index.php\/wp-json\/wp\/v2\/pages\/3600"}],"collection":[{"href":"https:\/\/drfelipealmeida.com.br\/index.php\/wp-json\/wp\/v2\/pages"}],"about":[{"href":"https:\/\/drfelipealmeida.com.br\/index.php\/wp-json\/wp\/v2\/types\/page"}],"author":[{"embeddable":true,"href":"https:\/\/drfelipealmeida.com.br\/index.php\/wp-json\/wp\/v2\/users\/1"}],"replies":[{"embeddable":true,"href":"https:\/\/drfelipealmeida.com.br\/index.php\/wp-json\/wp\/v2\/comments?post=3600"}],"version-history":[{"count":5,"href":"https:\/\/drfelipealmeida.com.br\/index.php\/wp-json\/wp\/v2\/pages\/3600\/revisions"}],"predecessor-version":[{"id":4209,"href":"https:\/\/drfelipealmeida.com.br\/index.php\/wp-json\/wp\/v2\/pages\/3600\/revisions\/4209"}],"wp:attachment":[{"href":"https:\/\/drfelipealmeida.com.br\/index.php\/wp-json\/wp\/v2\/media?parent=3600"}],"curies":[{"name":"wp","href":"https:\/\/api.w.org\/{rel}","templated":true}]}}